{"id":138,"date":"2017-08-29T06:24:20","date_gmt":"2017-08-29T06:24:20","guid":{"rendered":"http:\/\/apressthemes.com\/demo11\/?page_id=2"},"modified":"2023-11-30T13:59:27","modified_gmt":"2023-11-30T10:59:27","slug":"home","status":"publish","type":"page","link":"https:\/\/www.starmermer.com\/","title":{"rendered":"Home"},"content":{"rendered":"<section class=\"wpb-content-wrapper\"><p>[vc_row full_width=&#8221;stretch_row&#8221; css=&#8221;.vc_custom_1667540800820{background-color: #dd3333 !important;}&#8221;][vc_column width=&#8221;1\/5&#8243;][vc_single_image image=&#8221;583&#8243; img_size=&#8221;large&#8221; onclick=&#8221;custom_link&#8221; img_link_target=&#8221;_blank&#8221; link=&#8221;https:\/\/www.facebook.com\/Starmermer-422527614516915\/&#8221;][\/vc_column][vc_column width=&#8221;1\/5&#8243;][vc_single_image image=&#8221;582&#8243; img_size=&#8221;large&#8221; onclick=&#8221;custom_link&#8221; img_link_target=&#8221;_blank&#8221; link=&#8221;https:\/\/www.instagram.com\/starmermer006&#8243;][\/vc_column][vc_column width=&#8221;3\/5&#8243;][vc_single_image image=&#8221;870&#8243; img_size=&#8221;full&#8221; css=&#8221;.vc_custom_1667541174955{margin-top: -12px !important;}&#8221;][\/vc_column][\/vc_row][vc_row full_width=&#8221;stretch_row&#8221; css=&#8221;.vc_custom_1667540881932{background-color: #000000 !important;}&#8221;][vc_column][apress_icon_box iconcolor=&#8221;#dd3333&#8243; boxtitlepad=&#8221;padding-top:10|padding-bottom:5&#8243; icon_family=&#8221;fontawesome&#8221; icon_fontawesome=&#8221;fab fa-youtube&#8221; contentboxtitle=&#8221;YOTUBE&#8221; contentboxarea=&#8221;&#8221; contentarealink=&#8221;url:https%3A%2F%2Fwww.youtube.com%2F%40starmermer6963|target:_blank&#8221;][vc_column_text]<\/p>\n<h3 style=\"text-align: center;\"><span style=\"color: #ffffff;\"><strong>\u0130leti\u015fim : <a style=\"color: #ffffff;\" href=\"tel:0 533 570 61 59\">0 533 570 61 59<\/a><\/strong><\/span><\/h3>\n<p>[\/vc_column_text][\/vc_column][\/vc_row][vc_row full_width=&#8221;stretch_row&#8221; apress_enable_separator=&#8221;&#8221;][vc_column][\/vc_column][\/vc_row][vc_row css=&#8221;.vc_custom_1504076920293{padding-top: 50px !important;padding-bottom: 50px !important;}&#8221;][vc_column][vc_row_inner][vc_column_inner el_class=&#8221;custom_sidebar&#8221; width=&#8221;1\/4&#8243;][apress_imagebox imagebox_image=&#8221;179&#8243; imagebox_title=&#8221;Granit Tezgahlar&#8221; imagebox_title_color=&#8221;&#8221; imagebox_description_color=&#8221;&#8221; imagebox_button_size=&#8221;medium&#8221; imagebox_button_text=&#8221;Detayl\u0131 Bilgi&#8221; imagebox_button_hover_style=&#8221;hoverstyle5&#8243; imagebox_buttonfontcolor=&#8221;#000000&#8243; imagebox_buttonfontcolorhover=&#8221;#ffffff&#8221; imagebox_buttonbackgroundcolor=&#8221;#ffffff&#8221; imagebox_buttonbackgroundcolorhover=&#8221;#000000&#8243; imagebox_buttonbordercolor=&#8221;#000000&#8243; imagebox_buttonbordercolorhover=&#8221;#000000&#8243; data_animation=&#8221;fadeIn&#8221; data_delay=&#8221;300&#8243; imagebox_style=&#8221;style2&#8243; imagebox_link=&#8221;url:http%3A%2F%2Fwww.starmermer.com%2F%3Fpage_id%3D273|||&#8221;][\/apress_imagebox][\/vc_column_inner][vc_column_inner el_class=&#8221;Custom_sidebar&#8221; width=&#8221;1\/4&#8243;][apress_imagebox imagebox_image=&#8221;180&#8243; imagebox_title=&#8221;Calisco, Blenco ve \u00c7imstone Tezgahlar&#8221; imagebox_title_fonsize=&#8221;14&#8243; imagebox_title_color=&#8221;&#8221; imagebox_description_color=&#8221;&#8221; imagebox_button_size=&#8221;medium&#8221; imagebox_button_text=&#8221;Detayl\u0131 Bilgi&#8221; imagebox_button_hover_style=&#8221;hoverstyle5&#8243; imagebox_buttonfontcolor=&#8221;#000000&#8243; imagebox_buttonfontcolorhover=&#8221;#ffffff&#8221; imagebox_buttonbackgroundcolor=&#8221;#ffffff&#8221; imagebox_buttonbackgroundcolorhover=&#8221;#000000&#8243; imagebox_buttonbordercolor=&#8221;#000000&#8243; imagebox_buttonbordercolorhover=&#8221;#000000&#8243; data_animation=&#8221;fadeIn&#8221; data_delay=&#8221;300&#8243; imagebox_style=&#8221;style2&#8243; imagebox_link=&#8221;url:http%3A%2F%2Fwww.starmermer.com%2F%3Fpage_id%3D332|||&#8221;][\/apress_imagebox][\/vc_column_inner][vc_column_inner el_class=&#8221;Custom_sidebar&#8221; width=&#8221;1\/4&#8243;][apress_imagebox imagebox_image=&#8221;773&#8243; imagebox_title=&#8221;\u00c7imstone Tezgahlar&#8221; imagebox_title_color=&#8221;&#8221; imagebox_description_color=&#8221;&#8221; imagebox_button_size=&#8221;medium&#8221; imagebox_button_text=&#8221;Detayl\u0131 Bilgi&#8221; imagebox_button_hover_style=&#8221;hoverstyle5&#8243; imagebox_buttonfontcolor=&#8221;#000000&#8243; imagebox_buttonfontcolorhover=&#8221;#ffffff&#8221; imagebox_buttonbackgroundcolor=&#8221;#ffffff&#8221; imagebox_buttonbackgroundcolorhover=&#8221;#000000&#8243; imagebox_buttonbordercolor=&#8221;#000000&#8243; imagebox_buttonbordercolorhover=&#8221;#000000&#8243; data_animation=&#8221;fadeIn&#8221; data_delay=&#8221;300&#8243; imagebox_style=&#8221;style2&#8243; imagebox_link=&#8221;url:http%3A%2F%2Fwww.starmermer.com%2F%3Fpage_id%3D729|||&#8221;][\/apress_imagebox][\/vc_column_inner][vc_column_inner el_class=&#8221;Custom_sidebar&#8221; width=&#8221;1\/4&#8243;][apress_imagebox imagebox_image=&#8221;182&#8243; imagebox_title=&#8221;Pencere ve Balkon K\u00fcpe\u015ftesi&#8221; imagebox_title_color=&#8221;&#8221; imagebox_description_color=&#8221;&#8221; imagebox_button_size=&#8221;medium&#8221; imagebox_button_text=&#8221;Detayl\u0131 Bilgi&#8221; imagebox_button_hover_style=&#8221;hoverstyle5&#8243; imagebox_buttonfontcolor=&#8221;#000000&#8243; imagebox_buttonfontcolorhover=&#8221;#ffffff&#8221; imagebox_buttonbackgroundcolor=&#8221;#ffffff&#8221; imagebox_buttonbackgroundcolorhover=&#8221;#000000&#8243; imagebox_buttonbordercolor=&#8221;#000000&#8243; imagebox_buttonbordercolorhover=&#8221;#000000&#8243; data_animation=&#8221;fadeIn&#8221; data_delay=&#8221;300&#8243; imagebox_style=&#8221;style2&#8243; imagebox_link=&#8221;url:http%3A%2F%2Fwww.starmermer.com%2F%3Fpage_id%3D364|||&#8221;][\/apress_imagebox][\/vc_column_inner][\/vc_row_inner][vc_row_inner][vc_column_inner el_class=&#8221;custom_sidebar&#8221; width=&#8221;1\/4&#8243;][apress_imagebox imagebox_image=&#8221;839&#8243; imagebox_title=&#8221;\u015e\u00f6mine ve Barbek\u00fc&#8221; imagebox_title_color=&#8221;&#8221; imagebox_description_color=&#8221;&#8221; imagebox_button_size=&#8221;medium&#8221; imagebox_button_text=&#8221;Detayl\u0131 Bilgi&#8221; imagebox_button_hover_style=&#8221;hoverstyle5&#8243; imagebox_buttonfontcolor=&#8221;#000000&#8243; imagebox_buttonfontcolorhover=&#8221;#ffffff&#8221; imagebox_buttonbackgroundcolor=&#8221;#ffffff&#8221; imagebox_buttonbackgroundcolorhover=&#8221;#000000&#8243; imagebox_buttonbordercolor=&#8221;#000000&#8243; imagebox_buttonbordercolorhover=&#8221;#000000&#8243; data_animation=&#8221;fadeIn&#8221; data_delay=&#8221;300&#8243; imagebox_style=&#8221;style2&#8243; imagebox_link=&#8221;url:http%3A%2F%2Fwww.starmermer.com%2F%3Fpage_id%3D506|||&#8221;][\/apress_imagebox][\/vc_column_inner][vc_column_inner el_class=&#8221;Custom_sidebar&#8221; width=&#8221;1\/4&#8243;][apress_imagebox imagebox_image=&#8221;184&#8243; imagebox_title=&#8221;Mermer Tezgahlar&#8221; imagebox_title_color=&#8221;&#8221; imagebox_description_color=&#8221;&#8221; imagebox_button_size=&#8221;medium&#8221; imagebox_button_text=&#8221;Detayl\u0131 Bilgi&#8221; imagebox_button_hover_style=&#8221;hoverstyle5&#8243; imagebox_buttonfontcolor=&#8221;#000000&#8243; imagebox_buttonfontcolorhover=&#8221;#ffffff&#8221; imagebox_buttonbackgroundcolor=&#8221;#ffffff&#8221; imagebox_buttonbackgroundcolorhover=&#8221;#000000&#8243; imagebox_buttonbordercolor=&#8221;#000000&#8243; imagebox_buttonbordercolorhover=&#8221;#000000&#8243; data_animation=&#8221;fadeIn&#8221; data_delay=&#8221;300&#8243; imagebox_style=&#8221;style2&#8243; imagebox_link=&#8221;url:http%3A%2F%2Fwww.starmermer.com%2F%3Fpage_id%3D437|||&#8221;][\/apress_imagebox][\/vc_column_inner][vc_column_inner el_class=&#8221;Custom_sidebar&#8221; width=&#8221;1\/4&#8243;][apress_imagebox imagebox_image=&#8221;185&#8243; imagebox_title=&#8221;Banyo Tezgahlar\u0131&#8221; imagebox_title_color=&#8221;&#8221; imagebox_description_color=&#8221;&#8221; imagebox_button_size=&#8221;medium&#8221; imagebox_button_text=&#8221;Detayl\u0131 Bilgi&#8221; imagebox_button_hover_style=&#8221;hoverstyle5&#8243; imagebox_buttonfontcolor=&#8221;#000000&#8243; imagebox_buttonfontcolorhover=&#8221;#ffffff&#8221; imagebox_buttonbackgroundcolor=&#8221;#ffffff&#8221; imagebox_buttonbackgroundcolorhover=&#8221;#000000&#8243; imagebox_buttonbordercolor=&#8221;#000000&#8243; imagebox_buttonbordercolorhover=&#8221;#000000&#8243; data_animation=&#8221;fadeIn&#8221; data_delay=&#8221;300&#8243; imagebox_style=&#8221;style2&#8243; imagebox_link=&#8221;url:http%3A%2F%2Fwww.starmermer.com%2F%3Fpage_id%3D461|||&#8221;][\/apress_imagebox][\/vc_column_inner][vc_column_inner el_class=&#8221;Custom_sidebar&#8221; width=&#8221;1\/4&#8243;][apress_imagebox imagebox_image=&#8221;818&#8243; imagebox_title=&#8221;Tezgah Aras\u0131 Dekorlu Cam&#8221; imagebox_title_color=&#8221;&#8221; imagebox_description_color=&#8221;&#8221; imagebox_button_size=&#8221;medium&#8221; imagebox_button_text=&#8221;Detayl\u0131 Bilgi&#8221; imagebox_button_hover_style=&#8221;hoverstyle5&#8243; imagebox_buttonfontcolor=&#8221;#000000&#8243; imagebox_buttonfontcolorhover=&#8221;#ffffff&#8221; imagebox_buttonbackgroundcolor=&#8221;#ffffff&#8221; imagebox_buttonbackgroundcolorhover=&#8221;#000000&#8243; imagebox_buttonbordercolor=&#8221;#000000&#8243; imagebox_buttonbordercolorhover=&#8221;#000000&#8243; data_animation=&#8221;fadeIn&#8221; data_delay=&#8221;300&#8243; imagebox_style=&#8221;style2&#8243; imagebox_link=&#8221;url:http%3A%2F%2Fwww.starmermer.com%2F%3Fpage_id%3D789|||&#8221;][\/apress_imagebox][\/vc_column_inner][\/vc_row_inner][\/vc_column][\/vc_row][vc_row full_width=&#8221;stretch_row&#8221; css=&#8221;.vc_custom_1667541701949{padding-top: 50px !important;padding-bottom: 100px !important;background: #333333 url(https:\/\/www.starmermer.com\/wp-content\/uploads\/2022\/11\/391a7d541cfab26245089775b4fe3948.jpg?id=864) !important;background-position: center !important;background-repeat: no-repeat !important;background-size: cover !important;}&#8221;][vc_column][apress_text_separator title=&#8221;UYGULAMALARIMIZDAN&#8221; title_align=&#8221;separator_align_left&#8221; align=&#8221;align_left&#8221; el_width=&#8221;40&#8243; contentboxanimation=&#8221;fadeIn&#8221; contentboxdelay=&#8221;300&#8243; color=&#8221;#ffffff&#8221; title_font_options=&#8221;tag:h2|color:%23ffffff&#8221;][apress_photo_gallery images=&#8221;879,880,881,882,883,884,885,886,887,888,889,890,891,892&#8243; images_size=&#8221;300&#215;225&#8243; image_gutter=&#8221;10&#8243; use_lightbox=&#8221;yes&#8221; hover_effects=&#8221;zoomin_effect&#8221; data_animation=&#8221;fadeInUp&#8221;][\/vc_column][\/vc_row][vc_row full_width=&#8221;stretch_row_content_no_spaces&#8221;][vc_column][vc_column_text]<iframe loading=\"lazy\" style=\"border: 0;\" src=\"https:\/\/www.google.com\/maps\/embed?pb=!1m18!1m12!1m3!1d3058.129392711929!2d32.89101271565696!3d39.96085967942057!2m3!1f0!2f0!3f0!3m2!1i1024!2i768!4f13.1!3m3!1m2!1s0x14d34df40a54a531%3A0xd5f384f3632d985d!2zU2V5ZmkgRGVtaXJzb3ksIEHDp8Sxa3RhbiBTay4gTm86MzUsIDA2MTYwIEFsdMSxbmRhxJ8vQW5rYXJh!5e0!3m2!1str!2str!4v1645254127740!5m2!1str!2str\" width=\"100%\" height=\"450\" allowfullscreen=\"allowfullscreen\"><\/iframe>[\/vc_column_text][\/vc_column][\/vc_row]<\/p>\n<\/section>","protected":false},"excerpt":{"rendered":"<p>[vc_row full_width=&#8221;stretch_row&#8221; css=&#8221;.vc_custom_1667540800820{background-color: #dd3333 !important;}&#8221;][vc_column width=&#8221;1\/5&#8243;][vc_single_image image=&#8221;583&#8243; img_size=&#8221;large&#8221; onclick=&#8221;custom_link&#8221; img_link_target=&#8221;_blank&#8221; link=&#8221;https:\/\/www.facebook.com\/Starmermer-422527614516915\/&#8221;][\/vc_column][vc_column width=&#8221;1\/5&#8243;][vc_single_image image=&#8221;582&#8243; img_size=&#8221;large&#8221; onclick=&#8221;custom_link&#8221; img_link_target=&#8221;_blank&#8221; link=&#8221;https:\/\/www.instagram.com\/starmermer006&#8243;][\/vc_column][vc_column width=&#8221;3\/5&#8243;][vc_single_image image=&#8221;870&#8243; img_size=&#8221;full&#8221; css=&#8221;.vc_custom_1667541174955{margin-top: -12px !important;}&#8221;][\/vc_column][\/vc_row][vc_row full_width=&#8221;stretch_row&#8221; css=&#8221;.vc_custom_1667540881932{background-color: #000000 !important;}&#8221;][vc_column][apress_icon_box iconcolor=&#8221;#dd3333&#8243; boxtitlepad=&#8221;padding-top:10|padding-bottom:5&#8243; icon_family=&#8221;fontawesome&#8221; icon_fontawesome=&#8221;fab fa-youtube&#8221; contentboxtitle=&#8221;YOTUBE&#8221; contentboxarea=&#8221;&#8221; contentarealink=&#8221;url:https%3A%2F%2Fwww.youtube.com%2F%40starmermer6963|target:_blank&#8221;][vc_column_text] \u0130leti\u015fim : 0 533 570<span class=\"read_more_area\"><a class=\"read-more\" href=\"https:\/\/www.starmermer.com\/\"> Continue Reading <\/a><\/span><\/p>\n","protected":false},"author":1,"featured_media":0,"parent":0,"menu_order":0,"comment_status":"closed","ping_status":"open","template":"","meta":{"footnotes":""},"_links":{"self":[{"href":"https:\/\/www.starmermer.com\/index.php?rest_route=\/wp\/v2\/pages\/138"}],"collection":[{"href":"https:\/\/www.starmermer.com\/index.php?rest_route=\/wp\/v2\/pages"}],"about":[{"href":"https:\/\/www.starmermer.com\/index.php?rest_route=\/wp\/v2\/types\/page"}],"author":[{"embeddable":true,"href":"https:\/\/www.starmermer.com\/index.php?rest_route=\/wp\/v2\/users\/1"}],"replies":[{"embeddable":true,"href":"https:\/\/www.starmermer.com\/index.php?rest_route=%2Fwp%2Fv2%2Fcomments&post=138"}],"version-history":[{"count":61,"href":"https:\/\/www.starmermer.com\/index.php?rest_route=\/wp\/v2\/pages\/138\/revisions"}],"predecessor-version":[{"id":911,"href":"https:\/\/www.starmermer.com\/index.php?rest_route=\/wp\/v2\/pages\/138\/revisions\/911"}],"wp:attachment":[{"href":"https:\/\/www.starmermer.com\/index.php?rest_route=%2Fwp%2Fv2%2Fmedia&parent=138"}],"curies":[{"name":"wp","href":"https:\/\/api.w.org\/{rel}","templated":true}]}}